{"id":407,"date":"2020-10-23T11:18:09","date_gmt":"2020-10-23T11:18:09","guid":{"rendered":"http:\/\/http:\/\/slidesigma.com\/themes\/wp\/cali\/?page_id=407"},"modified":"2021-01-16T10:15:35","modified_gmt":"2021-01-16T07:15:35","slug":"our-services","status":"publish","type":"page","link":"http:\/\/akan.com.tr\/?page_id=407","title":{"rendered":"\u00dcr\u00fcnlerimiz"},"content":{"rendered":"<p>[vc_row css=&#8221;.vc_custom_1603451954241{padding-top: 110px !important;padding-bottom: 110px !important;}&#8221;][vc_column]\t\t<div  class=\"sigma_service_wrapper sigma-service-1247576393 sigma-shortcode-wrapper service-style-1 service-layout-grid\">\n\t\t\t<div class=\"row\">\n\t\t\t<div class=\"col-xl-4 col-lg-6 col-md-6 col-sm-12\">\n\t\t\t      <a href=\"http:\/\/akan.com.tr\/?service=balikcilik-teknolojileri\" class=\"sigma_service style-2\">\n                  <div class=\"sigma_service-thumb\">\n            <img loading=\"lazy\" decoding=\"async\" width=\"360\" height=\"160\" src=\"http:\/\/akan.com.tr\/wp-content\/uploads\/2020\/12\/BALIKCILIK-1-360x160.jpeg\" class=\"attachment-cali-service size-cali-service wp-post-image\" alt=\"\" \/>                        <i class=\"flaticon-contract\"><\/i>\n                    <\/div>\n                  <div class=\"sigma_service-body\">\n            <h5>Bal\u0131k\u00e7\u0131l\u0131k Teknolojileri<\/h5>\n                    \t\t<p>Bal\u0131k\u00e7\u0131l\u0131k sekt\u00f6r\u00fcn\u00fc en de\u011fer yaratan hizmetler ve \u00e7\u00f6z\u00fcmlerle \u015fekillendiriyoruz.\u00a0Gelece\u011fimizi uzun vadeli ili\u015fkiler ve g\u00fcvenilir bir ortak olma \u00fczerine in\u015fa<\/p>\n        \t\t          <\/div>\n        <\/a>\n\t\t<\/div>\n\t\t\t\t<div class=\"col-xl-4 col-lg-6 col-md-6 col-sm-12\">\n\t\t\t      <a href=\"http:\/\/akan.com.tr\/?service=accurate-measurements\" class=\"sigma_service style-2\">\n                  <div class=\"sigma_service-thumb\">\n            <img loading=\"lazy\" decoding=\"async\" width=\"360\" height=\"160\" src=\"http:\/\/akan.com.tr\/wp-content\/uploads\/2020\/10\/yatcilik-360x160.jpg\" class=\"attachment-cali-service size-cali-service wp-post-image\" alt=\"\" \/>                        <i class=\"flaticon-plumber\"><\/i>\n                    <\/div>\n                  <div class=\"sigma_service-body\">\n            <h5>Yat Teknolojileri<\/h5>\n                    \t\t<p>\u015eirketimizin bu alandaki ana amac\u0131 ; Denizcilik ve yat sekt\u00f6r\u00fcnde g\u00fcverte \u00fcst\u00fc vin\u00e7 \u00fcretimi ile faaliyet alan\u0131na g\u00f6re deniz<\/p>\n        \t\t          <\/div>\n        <\/a>\n\t\t<\/div>\n\t\t\t\t<div class=\"col-xl-4 col-lg-6 col-md-6 col-sm-12\">\n\t\t\t      <a href=\"http:\/\/akan.com.tr\/?service=solid-waste-removal\" class=\"sigma_service style-2\">\n                  <div class=\"sigma_service-thumb\">\n            <img loading=\"lazy\" decoding=\"async\" width=\"360\" height=\"160\" src=\"http:\/\/akan.com.tr\/wp-content\/uploads\/2020\/10\/WhatsApp-Image-2020-12-26-at-11.44.17-360x160.jpeg\" class=\"attachment-cali-service size-cali-service wp-post-image\" alt=\"\" \/>                        <i class=\"flaticon-repair-tools\"><\/i>\n                    <\/div>\n                  <div class=\"sigma_service-body\">\n            <h5>Metal \u0130\u015fleme<\/h5>\n                    \t\t<p>CNC b\u00fck\u00fcm  makinelerimiz; kapasitesine uyan her t\u00fcrl\u00fc sanayi \u00fcr\u00fcnlerini paslanmaz, al\u00fcminyum, dkp sac, hrp sac, siyah sac, Hardox,<\/p>\n        \t\t          <\/div>\n        <\/a>\n\t\t<\/div>\n\t\t\t\t<div class=\"col-xl-4 col-lg-6 col-md-6 col-sm-12\">\n\t\t\t      <a href=\"http:\/\/akan.com.tr\/?service=warranty-service\" class=\"sigma_service style-2\">\n                  <div class=\"sigma_service-thumb\">\n            <img loading=\"lazy\" decoding=\"async\" width=\"360\" height=\"160\" src=\"http:\/\/akan.com.tr\/wp-content\/uploads\/2020\/10\/WhatsApp-Image-2020-12-29-at-10.21.27-360x160.jpeg\" class=\"attachment-cali-service size-cali-service wp-post-image\" alt=\"\" \/>                        <i class=\"flaticon-helmet\"><\/i>\n                    <\/div>\n                  <div class=\"sigma_service-body\">\n            <h5>So\u011futma Teknolojileri<\/h5>\n                    \t\t<p>Bal\u0131k\u00e7\u0131l\u0131k sekt\u00f6r\u00fcnde uzun y\u0131llar sonucunda elde etti\u011fi so\u011futma sistemleriyle bu alanda tart\u0131\u015fmas\u0131z lider duruma gelmi\u015ftir. Denizde \u015eoklama \u00fcniteleri, So\u011fuk<\/p>\n        \t\t          <\/div>\n        <\/a>\n\t\t<\/div>\n\t\t\t\t<div class=\"col-xl-4 col-lg-6 col-md-6 col-sm-12\">\n\t\t\t      <a href=\"http:\/\/akan.com.tr\/?service=project-planning\" class=\"sigma_service style-2\">\n                  <div class=\"sigma_service-thumb\">\n            <img loading=\"lazy\" decoding=\"async\" width=\"360\" height=\"160\" src=\"http:\/\/akan.com.tr\/wp-content\/uploads\/2020\/11\/site-bg-scaled-2-360x160.jpg\" class=\"attachment-cali-service size-cali-service wp-post-image\" alt=\"\" \/>                        <i class=\"flaticon-tools\"><\/i>\n                    <\/div>\n                  <div class=\"sigma_service-body\">\n            <h5>Proje ve M\u00fchendislik<\/h5>\n                    \t\t<p>Sekt\u00f6rdeki tasar\u0131m ve uygulamalarda do\u011fru projelendirme ve do\u011fru m\u00fchendislik yakla\u015f\u0131m\u0131 ile hareket etmekteyiz. Uzmanl\u0131\u011f\u0131m\u0131z ve ekibimizin deneyimi sayesinde son<\/p>\n        \t\t          <\/div>\n        <\/a>\n\t\t<\/div>\n\t\t\t\t<div class=\"col-xl-4 col-lg-6 col-md-6 col-sm-12\">\n\t\t\t      <a href=\"http:\/\/akan.com.tr\/?service=constant-maintenance\" class=\"sigma_service style-2\">\n                  <div class=\"sigma_service-thumb\">\n            <img loading=\"lazy\" decoding=\"async\" width=\"360\" height=\"160\" src=\"http:\/\/akan.com.tr\/wp-content\/uploads\/2020\/10\/savunma_sanayii-360x160.jpg\" class=\"attachment-cali-service size-cali-service wp-post-image\" alt=\"\" \/>                        <i class=\"flaticon-maintenance\"><\/i>\n                    <\/div>\n                  <div class=\"sigma_service-body\">\n            <h5>Savunma Sanayi Teknolojileri<\/h5>\n                    \t\t<p>Son y\u0131llarda \u00fclkemizin bu sekt\u00f6rdeki h\u0131zl\u0131 y\u00fckseli\u015fi sanayi kurulu\u015flar\u0131m\u0131z\u0131n bu alanda yat\u0131r\u0131m yapmalar\u0131na \u00f6nderlik yapt\u0131\u011f\u0131n\u0131 g\u00f6rebiliyoruz. \u015eirketimiz bu alanda<\/p>\n        \t\t          <\/div>\n        <\/a>\n\t\t<\/div>\n\t\t<\/div>\n\t\t<\/div>\n\t\t[\/vc_column][\/vc_row][vc_row full_width=&#8221;stretch_row&#8221; css=&#8221;.vc_custom_1604746187434{padding-top: 110px !important;padding-bottom: 75px !important;background: #ff4612 url(http:\/\/slidesigma.com\/themes\/wp\/cali\/wp-content\/uploads\/2020\/10\/map-2-1.png?id=412) !important;background-position: center !important;background-repeat: no-repeat !important;background-size: cover !important;}&#8221;][vc_column][vc_row_inner][vc_column_inner width=&#8221;1\/4&#8243;][vc_single_image image=&#8221;1191&#8243; img_size=&#8221;full&#8221; el_class=&#8221;text-center&#8221;][\/vc_column_inner][vc_column_inner width=&#8221;1\/4&#8243;][vc_single_image image=&#8221;1191&#8243; img_size=&#8221;full&#8221; el_class=&#8221;text-center&#8221;][\/vc_column_inner][vc_column_inner width=&#8221;1\/4&#8243;][vc_single_image image=&#8221;1191&#8243; img_size=&#8221;full&#8221; el_class=&#8221;text-center&#8221;][\/vc_column_inner][vc_column_inner width=&#8221;1\/4&#8243;][vc_single_image image=&#8221;1191&#8243; img_size=&#8221;full&#8221; el_class=&#8221;text-center&#8221;][\/vc_column_inner][\/vc_row_inner][\/vc_column][\/vc_row]<\/p>\n","protected":false},"excerpt":{"rendered":"<p>[vc_row css=&#8221;.vc_custom_1603451954241{padding-top: 110px !important;padding-bottom: 110px !important;}&#8221;][vc_column][\/vc_column][\/vc_row][vc_row full_width=&#8221;stretch_row&#8221; css=&#8221;.vc_custom_1604746187434{padding-top: 110px !important;padding-bottom: 75px !important;background: #ff4612 url(http:\/\/slidesigma.com\/themes\/wp\/cali\/wp-content\/uploads\/2020\/10\/map-2-1.png?id=412) !important;background-position: center !important;background-repeat: no-repeat !important;background-size: cover !important;}&#8221;][vc_column][vc_row_inner][vc_column_inner width=&#8221;1\/4&#8243;][vc_single_image image=&#8221;1191&#8243; img_size=&#8221;full&#8221; el_class=&#8221;text-center&#8221;][\/vc_column_inner][vc_column_inner width=&#8221;1\/4&#8243;][vc_single_image image=&#8221;1191&#8243; img_size=&#8221;full&#8221; el_class=&#8221;text-center&#8221;][\/vc_column_inner][vc_column_inner width=&#8221;1\/4&#8243;][vc_single_image image=&#8221;1191&#8243; img_size=&#8221;full&#8221; el_class=&#8221;text-center&#8221;][\/vc_column_inner][vc_column_inner width=&#8221;1\/4&#8243;][vc_single_image image=&#8221;1191&#8243; img_size=&#8221;full&#8221; el_class=&#8221;text-center&#8221;][\/vc_column_inner][\/vc_row_inner][\/vc_column][\/vc_row]<\/p>\n","protected":false},"author":1,"featured_media":0,"parent":0,"menu_order":0,"comment_status":"closed","ping_status":"closed","template":"","meta":{"footnotes":""},"class_list":["post-407","page","type-page","status-publish","hentry"],"yoast_head":"<!-- This site is optimized with the Yoast SEO plugin v15.5 - https:\/\/yoast.com\/wordpress\/plugins\/seo\/ -->\n<title>\u00dcr\u00fcnlerimiz - Akan Group<\/title>\n<meta name=\"robots\" content=\"index, follow, max-snippet:-1, max-image-preview:large, max-video-preview:-1\" \/>\n<link rel=\"canonical\" href=\"http:\/\/akan.com.tr\/?page_id=407\" \/>\n<meta property=\"og:locale\" content=\"tr_TR\" \/>\n<meta property=\"og:type\" content=\"article\" \/>\n<meta property=\"og:title\" content=\"\u00dcr\u00fcnlerimiz - Akan Group\" \/>\n<meta property=\"og:description\" content=\"[vc_row css=&#8221;.vc_custom_1603451954241{padding-top: 110px !important;padding-bottom: 110px !important;}&#8221;][vc_column][\/vc_column][\/vc_row][vc_row full_width=&#8221;stretch_row&#8221; css=&#8221;.vc_custom_1604746187434{padding-top: 110px !important;padding-bottom: 75px !important;background: #ff4612 url(http:\/\/slidesigma.com\/themes\/wp\/cali\/wp-content\/uploads\/2020\/10\/map-2-1.png?id=412) !important;background-position: center !important;background-repeat: no-repeat !important;background-size: cover !important;}&#8221;][vc_column][vc_row_inner][vc_column_inner width=&#8221;1\/4&#8243;][vc_single_image image=&#8221;1191&#8243; img_size=&#8221;full&#8221; el_class=&#8221;text-center&#8221;][\/vc_column_inner][vc_column_inner width=&#8221;1\/4&#8243;][vc_single_image image=&#8221;1191&#8243; img_size=&#8221;full&#8221; el_class=&#8221;text-center&#8221;][\/vc_column_inner][vc_column_inner width=&#8221;1\/4&#8243;][vc_single_image image=&#8221;1191&#8243; img_size=&#8221;full&#8221; el_class=&#8221;text-center&#8221;][\/vc_column_inner][vc_column_inner width=&#8221;1\/4&#8243;][vc_single_image image=&#8221;1191&#8243; img_size=&#8221;full&#8221; el_class=&#8221;text-center&#8221;][\/vc_column_inner][\/vc_row_inner][\/vc_column][\/vc_row]\" \/>\n<meta property=\"og:url\" content=\"http:\/\/akan.com.tr\/?page_id=407\" \/>\n<meta property=\"og:site_name\" content=\"Akan Group\" \/>\n<meta property=\"article:modified_time\" content=\"2021-01-16T07:15:35+00:00\" \/>\n<meta name=\"twitter:card\" content=\"summary_large_image\" \/>\n<meta name=\"twitter:label1\" content=\"Tahmini okuma s\u00fcresi\">\n\t<meta name=\"twitter:data1\" content=\"1 dakika\">\n<script type=\"application\/ld+json\" class=\"yoast-schema-graph\">{\"@context\":\"https:\/\/schema.org\",\"@graph\":[{\"@type\":\"WebSite\",\"@id\":\"http:\/\/akan.com.tr\/#website\",\"url\":\"http:\/\/akan.com.tr\/\",\"name\":\"Akan Group\",\"description\":\"Akan So\\u011futma Sanayi\",\"potentialAction\":[{\"@type\":\"SearchAction\",\"target\":\"http:\/\/akan.com.tr\/?s={search_term_string}\",\"query-input\":\"required name=search_term_string\"}],\"inLanguage\":\"tr\"},{\"@type\":\"WebPage\",\"@id\":\"http:\/\/akan.com.tr\/?page_id=407#webpage\",\"url\":\"http:\/\/akan.com.tr\/?page_id=407\",\"name\":\"\\u00dcr\\u00fcnlerimiz - Akan Group\",\"isPartOf\":{\"@id\":\"http:\/\/akan.com.tr\/#website\"},\"datePublished\":\"2020-10-23T11:18:09+00:00\",\"dateModified\":\"2021-01-16T07:15:35+00:00\",\"inLanguage\":\"tr\",\"potentialAction\":[{\"@type\":\"ReadAction\",\"target\":[\"http:\/\/akan.com.tr\/?page_id=407\"]}]}]}<\/script>\n<!-- \/ Yoast SEO plugin. -->","_links":{"self":[{"href":"http:\/\/akan.com.tr\/index.php?rest_route=\/wp\/v2\/pages\/407","targetHints":{"allow":["GET"]}}],"collection":[{"href":"http:\/\/akan.com.tr\/index.php?rest_route=\/wp\/v2\/pages"}],"about":[{"href":"http:\/\/akan.com.tr\/index.php?rest_route=\/wp\/v2\/types\/page"}],"author":[{"embeddable":true,"href":"http:\/\/akan.com.tr\/index.php?rest_route=\/wp\/v2\/users\/1"}],"replies":[{"embeddable":true,"href":"http:\/\/akan.com.tr\/index.php?rest_route=%2Fwp%2Fv2%2Fcomments&post=407"}],"version-history":[{"count":3,"href":"http:\/\/akan.com.tr\/index.php?rest_route=\/wp\/v2\/pages\/407\/revisions"}],"predecessor-version":[{"id":1279,"href":"http:\/\/akan.com.tr\/index.php?rest_route=\/wp\/v2\/pages\/407\/revisions\/1279"}],"wp:attachment":[{"href":"http:\/\/akan.com.tr\/index.php?rest_route=%2Fwp%2Fv2%2Fmedia&parent=407"}],"curies":[{"name":"wp","href":"https:\/\/api.w.org\/{rel}","templated":true}]}}