{"id":201,"date":"2020-10-19T10:37:50","date_gmt":"2020-10-19T10:37:50","guid":{"rendered":"http:\/\/http:\/\/slidesigma.com\/themes\/wp\/cali\/checkout\/"},"modified":"2021-01-23T12:05:17","modified_gmt":"2021-01-23T09:05:17","slug":"checkout","status":"publish","type":"page","link":"https:\/\/akan.com.tr\/?page_id=201","title":{"rendered":"Hakk\u0131m\u0131zda"},"content":{"rendered":"<p>[vc_row][vc_column][vc_separator color=&#8221;custom&#8221; style=&#8221;double&#8221; border_width=&#8221;4&#8243; accent_color=&#8221;#2091c9&#8243;][\/vc_column][\/vc_row][vc_row][vc_column parallax=&#8221;content-moving&#8221; parallax_speed_bg=&#8221;2&#8243; width=&#8221;1\/2&#8243; bg_color_scheme=&#8221;tertiary&#8221; bg_position=&#8221;right-center&#8221; title_color_scheme=&#8221;light&#8221;][vc_column_text]<img loading=\"lazy\" decoding=\"async\" class=\"wp-image-1231 alignleft\" src=\"http:\/\/akan.com.tr\/demo\/wp-content\/uploads\/2021\/01\/murat-akan-294x300.jpg\" alt=\"\" width=\"220\" height=\"224\" srcset=\"https:\/\/akan.com.tr\/wp-content\/uploads\/2021\/01\/murat-akan-294x300.jpg 294w, https:\/\/akan.com.tr\/wp-content\/uploads\/2021\/01\/murat-akan-1004x1024.jpg 1004w, https:\/\/akan.com.tr\/wp-content\/uploads\/2021\/01\/murat-akan-768x783.jpg 768w, https:\/\/akan.com.tr\/wp-content\/uploads\/2021\/01\/murat-akan.jpg 1078w\" sizes=\"auto, (max-width: 220px) 100vw, 220px\" \/><\/p>\n<p>&nbsp;<\/p>\n<h3 style=\"text-align: center;\"><span style=\"color: #993300;\"><strong>Murat AKAN<\/strong><\/span><\/h3>\n<p style=\"text-align: center;\">Akan Group<\/p>\n<p style=\"text-align: center;\">Y\u00f6netim Kurulu Ba\u015fkan\u0131<\/p>\n<p>[\/vc_column_text][\/vc_column][vc_column width=&#8221;1\/2&#8243;][vc_btn title=&#8221;H\u0131rs bizi harekete ge\u00e7irir&#8221; style=&#8221;gradient&#8221; align=&#8221;center&#8221; link=&#8221;url:%23&#8243;][vc_column_text]<\/p>\n<p style=\"text-align: right;\"><span style=\"color: #800000;\"><strong>Bal\u0131k\u00e7\u0131l\u0131k sekt\u00f6r\u00fcn\u00fc en de\u011fer yaratan hizmetler ve \u00e7\u00f6z\u00fcmlerle \u015fekillendiriyoruz.\u00a0Gelece\u011fimizi uzun vadeli ili\u015fkiler ve g\u00fcvenilir bir ortak olma \u00fczerine in\u015fa ediyoruz.\u00a0\u00c7al\u0131\u015fmalar\u0131m\u0131z, end\u00fcstri ortam\u0131n\u0131 ve m\u00fc\u015fterilerimizin ihtiya\u00e7lar\u0131n\u0131 anlamakla ba\u015flar.\u00a0G\u00fcvenlik ve performans\u0131 en \u00fcst d\u00fczeye \u00e7\u0131karan \u00fcr\u00fcnler tasarl\u0131yoruz. M\u00fc\u015fterilerimize yak\u0131n olmaya ve onlar\u0131n i\u015fleri i\u00e7in uzun vadeli destek sa\u011flamaya kararl\u0131y\u0131z.<\/strong><\/span><\/p>\n<p>[\/vc_column_text][vc_separator color=&#8221;orange&#8221; style=&#8221;double&#8221;][\/vc_column][\/vc_row][vc_row][vc_column][vc_separator color=&#8221;custom&#8221; style=&#8221;double&#8221; border_width=&#8221;4&#8243; accent_color=&#8221;#2091c9&#8243;][\/vc_column][\/vc_row][vc_row][vc_column width=&#8221;1\/2&#8243;][vc_btn title=&#8221;Marincrane \u015eartlar\u0131 Belirler&#8221; style=&#8221;gradient&#8221; align=&#8221;center&#8221; link=&#8221;url:%23&#8243;][vc_column_text]<span style=\"color: #800000;\">Sekt\u00f6r lideri olarak konumumuzu daha da g\u00fc\u00e7lendirmek i\u00e7in g\u00fc\u00e7l\u00fc temellerimizi in\u015fa etmeye devam ediyoruz.\u00a0Her zaman zorlu bir ortamda faaliyet g\u00f6steriyoruz ve bug\u00fcn oldu\u011fumuz yere ula\u015fmak, ortak bir vizyonla birlikte \u00e7al\u0131\u015fan cesur bireylerin ortak katk\u0131lar\u0131 sayesinde olmu\u015ftur.\u00a0Deniz g\u00fc\u00e7l\u00fc bir sava\u015f alan\u0131, ama denizin zorluklar\u0131n\u0131 bilerek \u00fcretmek ona kar\u015f\u0131 dayan\u0131kl\u0131l\u0131\u011f\u0131 art\u0131rmak ve maksimum verimi elde etmemize yard\u0131mc\u0131 olmaktad\u0131r.<\/span><\/p>\n<p><span style=\"color: #800000;\">\u00a0\u00a0\u00a0\u00a0\u00a0\u00a0\u00a0\u00a0\u00a0\u00a0\u00a0 M\u00fc\u015fterilerimizin g\u00fcvenini defalarca kazand\u0131k ve gelecekte de onlara yard\u0131mc\u0131 olmak i\u00e7in \u00f6nemli geli\u015ftirme f\u0131rsatlar\u0131 g\u00f6rmeye devam ediyoruz.<\/span>[\/vc_column_text][\/vc_column][vc_column width=&#8221;1\/2&#8243;][vc_btn title=&#8221;Biz yenilik\u00e7i bir aileyiz&#8221; style=&#8221;gradient&#8221; align=&#8221;center&#8221; link=&#8221;url:%23&#8243;][vc_column_text]<span style=\"color: #800000;\">M\u00fc\u015fterilerimize geni\u015f bir g\u00fc\u00e7l\u00fc marka ve hizmet portf\u00f6y\u00fc sunarak sekt\u00f6r liderli\u011fini geli\u015ftirmek amac\u0131nday\u0131z. Kreyn, Vakumla bal\u0131k ta\u015f\u0131ma cihazlar\u0131, uzaktan kumandal\u0131 makara kontrol \u00fcniteleriyle yard\u0131mc\u0131 ekipmanlar i\u00e7in \u00f6zel, pazar lideri \u00e7\u00f6z\u00fcmler sunma kabiliyetiyle hizmet veriyoruz<\/span>[\/vc_column_text][\/vc_column][\/vc_row][vc_row][vc_column width=&#8221;1\/3&#8243; bg_position=&#8221;center-center&#8221; title_color_scheme=&#8221;light&#8221;][\/vc_column][vc_column width=&#8221;1\/3&#8243;]\n\t\t<div  class=\"sigma_team_wrapper sigma-team-936000630 sigma-shortcode-wrapper sigma-team-style-2 team-layout-grid\">\n\n\t\t\t<div class=\"row\">\n\t\t\t<div class=\"col-xl-12 col-lg-12 col-md-3 col-sm-3\">\n\t\t\t<div class=\"sigma_team team-5\">\n                  <div class=\"sigma_team-thumb\">\n                    <img loading=\"lazy\" decoding=\"async\" width=\"570\" height=\"550\" src=\"https:\/\/akan.com.tr\/wp-content\/uploads\/2020\/12\/LOGO-ANA.png\" class=\"sigma-teammember-image wp-post-image\" alt=\"\" srcset=\"https:\/\/akan.com.tr\/wp-content\/uploads\/2020\/12\/LOGO-ANA.png 570w, https:\/\/akan.com.tr\/wp-content\/uploads\/2020\/12\/LOGO-ANA-300x289.png 300w\" sizes=\"auto, (max-width: 570px) 100vw, 570px\" \/>                  <\/div>\n                  <div class=\"sigma_team-body\">\n                    <div class=\"sigma_team-info\">\n                                            <h5><a href=\"https:\/\/akan.com.tr\/?team=logo\" class=\"teammember-title-link\">Akan Group<\/a><\/h5>\n                    <\/div>\n                  <\/div>\n                <\/div>\n\t\t<\/div>\n\t\t<\/div>\n\n\t\t<\/div>\n\n\t\t[\/vc_column][vc_column width=&#8221;1\/3&#8243;][\/vc_column][\/vc_row][vc_row][vc_column][vc_separator color=&#8221;custom&#8221; style=&#8221;double&#8221; border_width=&#8221;4&#8243; accent_color=&#8221;#2091c9&#8243;][\/vc_column][\/vc_row][vc_row][vc_column]\n\t\t\t<!-- START moving buildings REVOLUTION SLIDER 6.2.22 --><p class=\"rs-p-wp-fix\"><\/p>\n\t\t\t<rs-module-wrap id=\"rev_slider_3_1_wrapper\" data-source=\"gallery\" style=\"background:transparent;padding:0;margin:0px auto;margin-top:0;margin-bottom:0;\">\n\t\t\t\t<rs-module id=\"rev_slider_3_1\" style=\"\" data-version=\"6.2.22\">\n\t\t\t\t\t<rs-slides>\n\t\t\t\t\t\t<rs-slide data-key=\"rs-4\" data-title=\"Slide\" data-anim=\"ei:d;eo:d;s:1000;r:0;t:fade;sl:0;\">\n\t\t\t\t\t\t\t<img loading=\"lazy\" decoding=\"async\" src=\"\/\/akan.com.tr\/demo\/wp-content\/uploads\/2020\/12\/yat-1.jpg\" title=\"yat\" width=\"1600\" height=\"907\" class=\"rev-slidebg\" data-no-retina>\n<!--\n\t\t\t\t\t\t\t--><rs-layer\n\t\t\t\t\t\t\t\tid=\"slider-3-slide-4-layer-0\" \n\t\t\t\t\t\t\t\tdata-type=\"image\"\n\t\t\t\t\t\t\t\tdata-rsp_ch=\"on\"\n\t\t\t\t\t\t\t\tdata-xy=\"y:b;\"\n\t\t\t\t\t\t\t\tdata-text=\"w:normal;\"\n\t\t\t\t\t\t\t\tdata-dim=\"w:1256px;h:288px;\"\n\t\t\t\t\t\t\t\tdata-basealign=\"slide\"\n\t\t\t\t\t\t\t\tdata-ford=\"frame_0;frame_1;frame_2;frame_999;\"\n\t\t\t\t\t\t\t\tdata-frame_999=\"o:0;st:w;sR:540;\"\n\t\t\t\t\t\t\t\tdata-frame_2=\"x:-500px;oX:50%;oY:50%;oZ:0;tp:600;e:none;st:300;sp:8160;\"\n\t\t\t\t\t\t\t\tdata-tloop=\"t:frame_2;\"\n\t\t\t\t\t\t\t\tstyle=\"z-index:10;\"\n\t\t\t\t\t\t\t><img loading=\"lazy\" decoding=\"async\" src=\"\/\/akan.com.tr\/demo\/wp-content\/uploads\/2020\/11\/bg2-1.png\" width=\"4786\" height=\"1029\" data-no-retina> \n\t\t\t\t\t\t\t<\/rs-layer><!--\n\n\t\t\t\t\t\t\t--><rs-layer\n\t\t\t\t\t\t\t\tid=\"slider-3-slide-4-layer-26\" \n\t\t\t\t\t\t\t\tdata-type=\"image\"\n\t\t\t\t\t\t\t\tdata-rsp_ch=\"on\"\n\t\t\t\t\t\t\t\tdata-xy=\"x:c;xo:-414px;y:c;yo:59px;\"\n\t\t\t\t\t\t\t\tdata-text=\"w:normal;\"\n\t\t\t\t\t\t\t\tdata-dim=\"w:372px;h:196px;\"\n\t\t\t\t\t\t\t\tdata-frame_999=\"o:0;st:8900;sR:8600;\"\n\t\t\t\t\t\t\t\tstyle=\"z-index:13;\"\n\t\t\t\t\t\t\t><img loading=\"lazy\" decoding=\"async\" src=\"\/\/akan.com.tr\/demo\/wp-content\/uploads\/2020\/12\/vinc2.png\" width=\"1529\" height=\"805\" data-no-retina> \n\t\t\t\t\t\t\t<\/rs-layer><!--\n\n\t\t\t\t\t\t\t--><rs-layer\n\t\t\t\t\t\t\t\tid=\"slider-3-slide-4-layer-27\" \n\t\t\t\t\t\t\t\tdata-type=\"shape\"\n\t\t\t\t\t\t\t\tdata-rsp_ch=\"on\"\n\t\t\t\t\t\t\t\tdata-xy=\"x:c;y:c;\"\n\t\t\t\t\t\t\t\tdata-text=\"w:normal;\"\n\t\t\t\t\t\t\t\tdata-dim=\"w:100%;h:100%;\"\n\t\t\t\t\t\t\t\tdata-basealign=\"slide\"\n\t\t\t\t\t\t\t\tdata-frame_999=\"o:0;st:w;sR:8700;\"\n\t\t\t\t\t\t\t\tstyle=\"z-index:8;background-color:rgba(255,255,255,0.89);\"\n\t\t\t\t\t\t\t> \n\t\t\t\t\t\t\t<\/rs-layer><!--\n\n\t\t\t\t\t\t\t--><rs-layer\n\t\t\t\t\t\t\t\tid=\"slider-3-slide-4-layer-28\" \n\t\t\t\t\t\t\t\tdata-type=\"image\"\n\t\t\t\t\t\t\t\tdata-rsp_ch=\"on\"\n\t\t\t\t\t\t\t\tdata-xy=\"x:1257px;y:b;yo:1px;\"\n\t\t\t\t\t\t\t\tdata-text=\"w:normal;\"\n\t\t\t\t\t\t\t\tdata-dim=\"w:1251px;h:287px;\"\n\t\t\t\t\t\t\t\tdata-basealign=\"slide\"\n\t\t\t\t\t\t\t\tdata-ford=\"frame_0;frame_1;frame_2;frame_999;\"\n\t\t\t\t\t\t\t\tdata-frame_999=\"o:0;st:w;sR:540;\"\n\t\t\t\t\t\t\t\tdata-frame_2=\"x:-500px;oX:50%;oY:50%;oZ:0;tp:600;e:none;st:300;sp:8160;\"\n\t\t\t\t\t\t\t\tdata-tloop=\"t:frame_2;\"\n\t\t\t\t\t\t\t\tstyle=\"z-index:9;\"\n\t\t\t\t\t\t\t><img loading=\"lazy\" decoding=\"async\" src=\"\/\/akan.com.tr\/demo\/wp-content\/uploads\/2020\/11\/bg2-1.png\" width=\"4786\" height=\"1029\" data-no-retina> \n\t\t\t\t\t\t\t<\/rs-layer><!--\n\n\t\t\t\t\t\t\t--><rs-layer\n\t\t\t\t\t\t\t\tid=\"slider-3-slide-4-layer-31\" \n\t\t\t\t\t\t\t\tdata-type=\"image\"\n\t\t\t\t\t\t\t\tdata-rsp_ch=\"on\"\n\t\t\t\t\t\t\t\tdata-xy=\"x:c;xo:467px;y:c;yo:11px;\"\n\t\t\t\t\t\t\t\tdata-text=\"w:normal;\"\n\t\t\t\t\t\t\t\tdata-dim=\"w:405px;h:439px;\"\n\t\t\t\t\t\t\t\tdata-frame_999=\"o:0;st:8900;sR:8600;\"\n\t\t\t\t\t\t\t\tstyle=\"z-index:12;\"\n\t\t\t\t\t\t\t><img loading=\"lazy\" decoding=\"async\" src=\"\/\/akan.com.tr\/demo\/wp-content\/uploads\/2020\/12\/yat3u.png\" width=\"2447\" height=\"2654\" data-no-retina> \n\t\t\t\t\t\t\t<\/rs-layer><!--\n\n\t\t\t\t\t\t\t--><rs-layer\n\t\t\t\t\t\t\t\tid=\"slider-3-slide-4-layer-32\" \n\t\t\t\t\t\t\t\tdata-type=\"image\"\n\t\t\t\t\t\t\t\tdata-rsp_ch=\"on\"\n\t\t\t\t\t\t\t\tdata-xy=\"x:c;xo:24px;y:c;yo:7px;\"\n\t\t\t\t\t\t\t\tdata-text=\"w:normal;\"\n\t\t\t\t\t\t\t\tdata-dim=\"w:343px;h:448px;\"\n\t\t\t\t\t\t\t\tdata-frame_1=\"x:115px;y:-6px;\"\n\t\t\t\t\t\t\t\tdata-frame_999=\"o:0;st:8900;sR:8600;\"\n\t\t\t\t\t\t\t\tstyle=\"z-index:11;\"\n\t\t\t\t\t\t\t><img loading=\"lazy\" decoding=\"async\" src=\"\/\/akan.com.tr\/demo\/wp-content\/uploads\/2020\/12\/vinc-deneme.png\" width=\"1455\" height=\"1902\" data-no-retina> \n\t\t\t\t\t\t\t<\/rs-layer><!--\n-->\t\t\t\t\t\t<\/rs-slide>\n\t\t\t\t\t<\/rs-slides>\n\t\t\t\t<\/rs-module>\n\t\t\t\t<script type=\"text\/javascript\">\n\t\t\t\t\tsetREVStartSize({c: 'rev_slider_3_1',rl:[1240,1024,778,480],el:[500],gw:[1240],gh:[500],type:'standard',justify:'',layout:'fullwidth',mh:\"0\"});\n\t\t\t\t\tvar\trevapi3,\n\t\t\t\t\t\ttpj;\n\t\t\t\t\tfunction revinit_revslider31() {\n\t\t\t\t\tjQuery(function() {\n\t\t\t\t\t\ttpj = jQuery;\n\t\t\t\t\t\trevapi3 = tpj(\"#rev_slider_3_1\");\n\t\t\t\t\t\tif(revapi3==undefined || revapi3.revolution == undefined){\n\t\t\t\t\t\t\trevslider_showDoubleJqueryError(\"rev_slider_3_1\");\n\t\t\t\t\t\t}else{\n\t\t\t\t\t\t\trevapi3.revolution({\n\t\t\t\t\t\t\t\tsliderLayout:\"fullwidth\",\n\t\t\t\t\t\t\t\tvisibilityLevels:\"1240,1024,778,480\",\n\t\t\t\t\t\t\t\tgridwidth:1240,\n\t\t\t\t\t\t\t\tgridheight:500,\n\t\t\t\t\t\t\t\tspinner:\"spinner0\",\n\t\t\t\t\t\t\t\tperspective:600,\n\t\t\t\t\t\t\t\tperspectiveType:\"global\",\n\t\t\t\t\t\t\t\teditorheight:\"500,768,960,720\",\n\t\t\t\t\t\t\t\tresponsiveLevels:\"1240,1024,778,480\",\n\t\t\t\t\t\t\t\tprogressBar:{disableProgressBar:true},\n\t\t\t\t\t\t\t\tnavigation: {\n\t\t\t\t\t\t\t\t\tonHoverStop:false\n\t\t\t\t\t\t\t\t},\n\t\t\t\t\t\t\t\tfallbacks: {\n\t\t\t\t\t\t\t\t\tallowHTML5AutoPlayOnAndroid:true\n\t\t\t\t\t\t\t\t},\n\t\t\t\t\t\t\t});\n\t\t\t\t\t\t}\n\t\t\t\t\t\t\n\t\t\t\t\t});\n\t\t\t\t\t} \/\/ End of RevInitScript\n\t\t\t\tvar once_revslider31 = false;\n\t\t\t\tif (document.readyState === \"loading\") {document.addEventListener('readystatechange',function() { if((document.readyState === \"interactive\" || document.readyState === \"complete\") && !once_revslider31 ) { once_revslider31 = true; revinit_revslider31();}});} else {once_revslider31 = true; revinit_revslider31();}\n\t\t\t\t<\/script>\n\t\t\t<\/rs-module-wrap>\n\t\t\t<!-- END REVOLUTION SLIDER -->\n[\/vc_column][\/vc_row]<\/p>\n","protected":false},"excerpt":{"rendered":"<p>[vc_row][vc_column][vc_separator color=&#8221;custom&#8221; style=&#8221;double&#8221; border_width=&#8221;4&#8243; accent_color=&#8221;#2091c9&#8243;][\/vc_column][\/vc_row][vc_row][vc_column parallax=&#8221;content-moving&#8221; parallax_speed_bg=&#8221;2&#8243; width=&#8221;1\/2&#8243; bg_color_scheme=&#8221;tertiary&#8221; bg_position=&#8221;right-center&#8221; title_color_scheme=&#8221;light&#8221;][vc_column_text] &nbsp; Murat AKAN Akan Group Y\u00f6netim Kurulu Ba\u015fkan\u0131 [\/vc_column_text][\/vc_column][vc_column width=&#8221;1\/2&#8243;][vc_btn title=&#8221;H\u0131rs bizi harekete ge\u00e7irir&#8221; style=&#8221;gradient&#8221; align=&#8221;center&#8221; link=&#8221;url:%23&#8243;][vc_column_text] Bal\u0131k\u00e7\u0131l\u0131k sekt\u00f6r\u00fcn\u00fc en de\u011fer yaratan hizmetler ve \u00e7\u00f6z\u00fcmlerle \u015fekillendiriyoruz.\u00a0Gelece\u011fimizi uzun vadeli ili\u015fkiler ve g\u00fcvenilir bir ortak olma \u00fczerine in\u015fa ediyoruz.\u00a0\u00c7al\u0131\u015fmalar\u0131m\u0131z, end\u00fcstri ortam\u0131n\u0131 ve m\u00fc\u015fterilerimizin ihtiya\u00e7lar\u0131n\u0131 anlamakla ba\u015flar.\u00a0G\u00fcvenlik [&hellip;]<\/p>\n","protected":false},"author":1,"featured_media":0,"parent":0,"menu_order":0,"comment_status":"closed","ping_status":"closed","template":"","meta":{"footnotes":""},"class_list":["post-201","page","type-page","status-publish","hentry"],"yoast_head":"<!-- This site is optimized with the Yoast SEO plugin v15.5 - https:\/\/yoast.com\/wordpress\/plugins\/seo\/ -->\n<title>Hakk\u0131m\u0131zda - Akan Group<\/title>\n<meta name=\"robots\" content=\"index, follow, max-snippet:-1, max-image-preview:large, max-video-preview:-1\" \/>\n<link rel=\"canonical\" href=\"https:\/\/akan.com.tr\/?page_id=201\" \/>\n<meta property=\"og:locale\" content=\"tr_TR\" \/>\n<meta property=\"og:type\" content=\"article\" \/>\n<meta property=\"og:title\" content=\"Hakk\u0131m\u0131zda - Akan Group\" \/>\n<meta property=\"og:description\" content=\"[vc_row][vc_column][vc_separator color=&#8221;custom&#8221; style=&#8221;double&#8221; border_width=&#8221;4&#8243; accent_color=&#8221;#2091c9&#8243;][\/vc_column][\/vc_row][vc_row][vc_column parallax=&#8221;content-moving&#8221; parallax_speed_bg=&#8221;2&#8243; width=&#8221;1\/2&#8243; bg_color_scheme=&#8221;tertiary&#8221; bg_position=&#8221;right-center&#8221; title_color_scheme=&#8221;light&#8221;][vc_column_text] &nbsp; Murat AKAN Akan Group Y\u00f6netim Kurulu Ba\u015fkan\u0131 [\/vc_column_text][\/vc_column][vc_column width=&#8221;1\/2&#8243;][vc_btn title=&#8221;H\u0131rs bizi harekete ge\u00e7irir&#8221; style=&#8221;gradient&#8221; align=&#8221;center&#8221; link=&#8221;url:%23&#8243;][vc_column_text] Bal\u0131k\u00e7\u0131l\u0131k sekt\u00f6r\u00fcn\u00fc en de\u011fer yaratan hizmetler ve \u00e7\u00f6z\u00fcmlerle \u015fekillendiriyoruz.\u00a0Gelece\u011fimizi uzun vadeli ili\u015fkiler ve g\u00fcvenilir bir ortak olma \u00fczerine in\u015fa ediyoruz.\u00a0\u00c7al\u0131\u015fmalar\u0131m\u0131z, end\u00fcstri ortam\u0131n\u0131 ve m\u00fc\u015fterilerimizin ihtiya\u00e7lar\u0131n\u0131 anlamakla ba\u015flar.\u00a0G\u00fcvenlik [&hellip;]\" \/>\n<meta property=\"og:url\" content=\"https:\/\/akan.com.tr\/?page_id=201\" \/>\n<meta property=\"og:site_name\" content=\"Akan Group\" \/>\n<meta property=\"article:modified_time\" content=\"2021-01-23T09:05:17+00:00\" \/>\n<meta property=\"og:image\" content=\"http:\/\/akan.com.tr\/demo\/wp-content\/uploads\/2021\/01\/murat-akan-294x300.jpg\" \/>\n<meta name=\"twitter:card\" content=\"summary_large_image\" \/>\n<meta name=\"twitter:label1\" content=\"Tahmini okuma s\u00fcresi\">\n\t<meta name=\"twitter:data1\" content=\"2 dakika\">\n<script type=\"application\/ld+json\" class=\"yoast-schema-graph\">{\"@context\":\"https:\/\/schema.org\",\"@graph\":[{\"@type\":\"WebSite\",\"@id\":\"https:\/\/akan.com.tr\/#website\",\"url\":\"https:\/\/akan.com.tr\/\",\"name\":\"Akan Group\",\"description\":\"Akan So\\u011futma Sanayi\",\"potentialAction\":[{\"@type\":\"SearchAction\",\"target\":\"https:\/\/akan.com.tr\/?s={search_term_string}\",\"query-input\":\"required name=search_term_string\"}],\"inLanguage\":\"tr\"},{\"@type\":\"ImageObject\",\"@id\":\"https:\/\/akan.com.tr\/?page_id=201#primaryimage\",\"inLanguage\":\"tr\",\"url\":\"http:\/\/akan.com.tr\/demo\/wp-content\/uploads\/2021\/01\/murat-akan-294x300.jpg\"},{\"@type\":\"WebPage\",\"@id\":\"https:\/\/akan.com.tr\/?page_id=201#webpage\",\"url\":\"https:\/\/akan.com.tr\/?page_id=201\",\"name\":\"Hakk\\u0131m\\u0131zda - Akan Group\",\"isPartOf\":{\"@id\":\"https:\/\/akan.com.tr\/#website\"},\"primaryImageOfPage\":{\"@id\":\"https:\/\/akan.com.tr\/?page_id=201#primaryimage\"},\"datePublished\":\"2020-10-19T10:37:50+00:00\",\"dateModified\":\"2021-01-23T09:05:17+00:00\",\"inLanguage\":\"tr\",\"potentialAction\":[{\"@type\":\"ReadAction\",\"target\":[\"https:\/\/akan.com.tr\/?page_id=201\"]}]}]}<\/script>\n<!-- \/ Yoast SEO plugin. -->","_links":{"self":[{"href":"https:\/\/akan.com.tr\/index.php?rest_route=\/wp\/v2\/pages\/201","targetHints":{"allow":["GET"]}}],"collection":[{"href":"https:\/\/akan.com.tr\/index.php?rest_route=\/wp\/v2\/pages"}],"about":[{"href":"https:\/\/akan.com.tr\/index.php?rest_route=\/wp\/v2\/types\/page"}],"author":[{"embeddable":true,"href":"https:\/\/akan.com.tr\/index.php?rest_route=\/wp\/v2\/users\/1"}],"replies":[{"embeddable":true,"href":"https:\/\/akan.com.tr\/index.php?rest_route=%2Fwp%2Fv2%2Fcomments&post=201"}],"version-history":[{"count":14,"href":"https:\/\/akan.com.tr\/index.php?rest_route=\/wp\/v2\/pages\/201\/revisions"}],"predecessor-version":[{"id":1316,"href":"https:\/\/akan.com.tr\/index.php?rest_route=\/wp\/v2\/pages\/201\/revisions\/1316"}],"wp:attachment":[{"href":"https:\/\/akan.com.tr\/index.php?rest_route=%2Fwp%2Fv2%2Fmedia&parent=201"}],"curies":[{"name":"wp","href":"https:\/\/api.w.org\/{rel}","templated":true}]}}