{"id":202,"date":"2020-10-19T10:37:50","date_gmt":"2020-10-19T10:37:50","guid":{"rendered":"http:\/\/http:\/\/slidesigma.com\/themes\/wp\/cali\/my-account\/"},"modified":"2021-01-23T13:15:01","modified_gmt":"2021-01-23T10:15:01","slug":"my-account","status":"publish","type":"page","link":"https:\/\/akan.com.tr\/?page_id=202","title":{"rendered":"Referanslar\u0131m\u0131z"},"content":{"rendered":"<p>[vc_row][vc_column][vc_column_text]<\/p>\n<ul class=\"wp-block-gallery columns-3 is-cropped\">\n<li class=\"blocks-gallery-item\">\n<figure><img decoding=\"async\" class=\"wp-image-3000\" src=\"http:\/\/www.marincrane.com\/wp-content\/uploads\/2019\/02\/habib-reis.jpg\" alt=\"Habib Reis Bal\u0131k\u00e7\u0131l\u0131k\" data-id=\"3000\" data-link=\"http:\/\/www.marincrane.com\/habib-reis\/\" \/><\/p><figcaption>Habib Reis Bal\u0131k\u00e7\u0131l\u0131k<\/figcaption><\/figure>\n<\/li>\n<li class=\"blocks-gallery-item\">\n<figure><img decoding=\"async\" class=\"wp-image-2996\" src=\"http:\/\/www.marincrane.com\/wp-content\/uploads\/2019\/02\/akua-grup.jpg\" alt=\"Aqua Grup\" data-id=\"2996\" data-link=\"http:\/\/www.marincrane.com\/akua-grup\/\" \/><\/p><figcaption>Aqua Grup<\/figcaption><\/figure>\n<\/li>\n<li class=\"blocks-gallery-item\">\n<figure><img decoding=\"async\" class=\"wp-image-2990\" src=\"http:\/\/www.marincrane.com\/wp-content\/uploads\/2019\/02\/IMG_1239-1024x768.jpg\" alt=\"S\u00fcrsan Bal\u0131k\u00e7\u0131l\u0131k\" data-id=\"2990\" data-link=\"http:\/\/www.marincrane.com\/img_1239\/\" \/><\/p><figcaption>S\u00fcrsan Bal\u0131k\u00e7\u0131l\u0131k<\/figcaption><\/figure>\n<\/li>\n<li class=\"blocks-gallery-item\">\n<figure><img decoding=\"async\" class=\"wp-image-2986\" src=\"http:\/\/www.marincrane.com\/wp-content\/uploads\/2019\/02\/GWVP6370-1024x768.jpg\" alt=\"\u0130lhan Y\u0131lmaz Bal\u0131k\u00e7\u0131l\u0131k\" data-id=\"2986\" data-link=\"http:\/\/www.marincrane.com\/gwvp6370\/\" \/><\/p><figcaption>\u0130lhan Y\u0131lmaz Bal\u0131k\u00e7\u0131l\u0131k<\/figcaption><\/figure>\n<\/li>\n<li class=\"blocks-gallery-item\">\n<figure><img decoding=\"async\" class=\"wp-image-2981\" src=\"http:\/\/www.marincrane.com\/wp-content\/uploads\/2019\/02\/VILV6844-1024x768.jpg\" alt=\"Deniz Ana Bal\u0131k\u00e7\u0131l\u0131k\" data-id=\"2981\" data-link=\"http:\/\/www.marincrane.com\/vilv6844\/\" \/><\/p><figcaption>Deniz Ana Bal\u0131k\u00e7\u0131l\u0131k<\/figcaption><\/figure>\n<\/li>\n<li class=\"blocks-gallery-item\">\n<figure><img decoding=\"async\" class=\"wp-image-2994\" src=\"http:\/\/www.marincrane.com\/wp-content\/uploads\/2019\/02\/GQRT7595-1024x768.jpg\" alt=\"Azizler II Bal\u0131k\u00e7\u0131l\u0131k\" data-id=\"2994\" data-link=\"http:\/\/www.marincrane.com\/gqrt7595\/\" \/><\/p><figcaption>Azizler II Bal\u0131k\u00e7\u0131l\u0131k<\/figcaption><\/figure>\n<\/li>\n<li class=\"blocks-gallery-item\">\n<figure><img decoding=\"async\" class=\"wp-image-3149\" src=\"http:\/\/www.marincrane.com\/wp-content\/uploads\/2019\/09\/WhatsApp-Image-2019-09-19-at-15.29.03-1024x768.jpeg\" alt=\"Ahmet Ayd\u0131n Molla Bal\u0131k\u00e7\u0131l\u0131k\" data-id=\"3149\" data-link=\"http:\/\/www.marincrane.com\/referanslarimiz\/whatsapp-image-2019-09-19-at-15-29-03\/\" \/><\/p><figcaption>Ahmet Ayd\u0131n Molla Bal\u0131k\u00e7\u0131l\u0131k<\/figcaption><\/figure>\n<\/li>\n<li class=\"blocks-gallery-item\">\n<figure><img decoding=\"async\" class=\"wp-image-3146\" src=\"http:\/\/www.marincrane.com\/wp-content\/uploads\/2019\/09\/WhatsApp-Image-2019-09-19-at-15.25.07-576x1024.jpeg\" alt=\"Akta\u015flar Bal\u0131k\u00e7\u0131l\u0131k\" data-id=\"3146\" data-link=\"http:\/\/www.marincrane.com\/referanslarimiz\/whatsapp-image-2019-09-19-at-15-25-07\/\" \/><\/p><figcaption>Akta\u015flar Bal\u0131k\u00e7\u0131l\u0131k<\/figcaption><\/figure>\n<\/li>\n<li class=\"blocks-gallery-item\">\n<figure><img decoding=\"async\" class=\"wp-image-3143\" src=\"http:\/\/www.marincrane.com\/wp-content\/uploads\/2019\/09\/WhatsApp-Image-2019-09-19-at-15.21.15-1024x1024.jpeg\" alt=\"Abdullah Molla Bal\u0131k\u00e7\u0131l\u0131k\" data-id=\"3143\" data-link=\"http:\/\/www.marincrane.com\/referanslarimiz\/whatsapp-image-2019-09-19-at-15-21-15\/\" \/><\/p><figcaption>Abdullah Molla Bal\u0131k\u00e7\u0131l\u0131k<\/figcaption><\/figure>\n<\/li>\n<li class=\"blocks-gallery-item\">\n<figure><img decoding=\"async\" class=\"wp-image-2998\" src=\"http:\/\/www.marincrane.com\/wp-content\/uploads\/2019\/02\/margo-h%C3%BCseyin.jpg\" alt=\"Margo Mahmut Bal\u0131k\u00e7\u0131l\u0131k\" data-id=\"2998\" data-link=\"http:\/\/www.marincrane.com\/margo-huseyin\/\" \/><\/p><figcaption>Margo Mahmut Bal\u0131k\u00e7\u0131l\u0131k<\/figcaption><\/figure>\n<\/li>\n<li class=\"blocks-gallery-item\">\n<figure><img decoding=\"async\" class=\"wp-image-3002\" src=\"http:\/\/www.marincrane.com\/wp-content\/uploads\/2019\/02\/hac%C4%B1-kibar.jpg\" alt=\"Hac\u0131 Kibar Bal\u0131k\u00e7\u0131l\u0131k\" data-id=\"3002\" data-link=\"http:\/\/www.marincrane.com\/haci-kibar\/\" \/><\/p><figcaption>Hac\u0131 Kibar Bal\u0131k\u00e7\u0131l\u0131k<\/figcaption><\/figure>\n<\/li>\n<li class=\"blocks-gallery-item\">\n<figure><img decoding=\"async\" class=\"wp-image-2975\" src=\"http:\/\/www.marincrane.com\/wp-content\/uploads\/2019\/02\/fat.jpg\" alt=\"Fat Bal\u0131k\u00e7\u0131l\u0131k\" data-id=\"2975\" data-link=\"http:\/\/www.marincrane.com\/fat\/\" \/><\/p><figcaption>Fat Bal\u0131k\u00e7\u0131l\u0131k<\/figcaption><\/figure>\n<\/li>\n<li class=\"blocks-gallery-item\">\n<figure><img decoding=\"async\" class=\"wp-image-2968\" src=\"http:\/\/www.marincrane.com\/wp-content\/uploads\/2019\/02\/kul-bal%C4%B1k%C3%A7%C4%B1l%C4%B1k.jpg\" alt=\"Kul Bal\u0131k\u00e7\u0131l\u0131k\" data-id=\"2968\" data-link=\"http:\/\/www.marincrane.com\/kul-balikcilik-2\/\" \/><\/p><figcaption>Kul Bal\u0131k\u00e7\u0131l\u0131k<\/figcaption><\/figure>\n<\/li>\n<li class=\"blocks-gallery-item\">\n<figure><img decoding=\"async\" class=\"wp-image-2979\" src=\"http:\/\/www.marincrane.com\/wp-content\/uploads\/2019\/02\/IMG_4597-1024x768.jpg\" alt=\"Ba\u015fo\u011flu Bal\u0131k\u00e7\u0131l\u0131k\" data-id=\"2979\" data-link=\"http:\/\/www.marincrane.com\/img_4597\/\" \/><\/p><figcaption>Ba\u015fo\u011flu Bal\u0131k\u00e7\u0131l\u0131k<\/figcaption><\/figure>\n<\/li>\n<li class=\"blocks-gallery-item\">\n<figure><img decoding=\"async\" class=\"wp-image-2984\" src=\"http:\/\/www.marincrane.com\/wp-content\/uploads\/2019\/02\/DWTT6050-1024x768.jpg\" alt=\"\u0130lhan Y\u0131lmaz Bal\u0131k\u00e7\u0131l\u0131k\" data-id=\"2984\" data-link=\"http:\/\/www.marincrane.com\/dwtt6050\/\" \/><\/p><figcaption>\u0130lhan Y\u0131lmaz Bal\u0131k\u00e7\u0131l\u0131k<\/figcaption><\/figure>\n<\/li>\n<li class=\"blocks-gallery-item\">\n<figure><img decoding=\"async\" class=\"wp-image-2988\" src=\"http:\/\/www.marincrane.com\/wp-content\/uploads\/2019\/02\/IMG_2620-1024x768.jpg\" alt=\"Mehmet Kaptan Bal\u0131k\u00e7\u0131l\u0131k\" data-id=\"2988\" data-link=\"http:\/\/www.marincrane.com\/img_2620\/\" \/><\/p><figcaption>Mehmet Kaptan Bal\u0131k\u00e7\u0131l\u0131k<\/figcaption><\/figure>\n<\/li>\n<li class=\"blocks-gallery-item\">\n<figure><img decoding=\"async\" class=\"wp-image-2992\" src=\"http:\/\/www.marincrane.com\/wp-content\/uploads\/2019\/02\/BLNK1518-1024x768.jpg\" alt=\"Karde\u015fler Bal\u0131k\u00e7\u0131l\u0131k Ayval\u0131k\" data-id=\"2992\" data-link=\"http:\/\/www.marincrane.com\/blnk1518\/\" \/><\/p><figcaption>Karde\u015fler Bal\u0131k\u00e7\u0131l\u0131k Ayval\u0131k<\/figcaption><\/figure>\n<\/li>\n<\/ul>\n<p>[\/vc_column_text][vc_column_text]<\/p>\n<ul class=\"wp-block-gallery columns-3 is-cropped\">\n<li class=\"blocks-gallery-item\">\n<figure><img loading=\"lazy\" decoding=\"async\" class=\"alignnone wp-image-1320\" src=\"http:\/\/akan.com.tr\/wp-content\/uploads\/2021\/01\/ergun-basaran-300x225.jpeg\" alt=\"\" width=\"959\" height=\"719\" srcset=\"https:\/\/akan.com.tr\/wp-content\/uploads\/2021\/01\/ergun-basaran-300x225.jpeg 300w, https:\/\/akan.com.tr\/wp-content\/uploads\/2021\/01\/ergun-basaran-1024x768.jpeg 1024w, https:\/\/akan.com.tr\/wp-content\/uploads\/2021\/01\/ergun-basaran-768x576.jpeg 768w, https:\/\/akan.com.tr\/wp-content\/uploads\/2021\/01\/ergun-basaran-1536x1152.jpeg 1536w, https:\/\/akan.com.tr\/wp-content\/uploads\/2021\/01\/ergun-basaran.jpeg 1600w\" sizes=\"auto, (max-width: 959px) 100vw, 959px\" \/><\/p><figcaption>Erg\u00fcn Ba\u015faran<\/figcaption><\/figure>\n<\/li>\n<li class=\"blocks-gallery-item\">\n<figure><figcaption><img loading=\"lazy\" decoding=\"async\" class=\"alignnone wp-image-1322\" src=\"http:\/\/akan.com.tr\/wp-content\/uploads\/2021\/01\/zaman-avci-300x169.jpeg\" alt=\"\" width=\"1022\" height=\"576\" srcset=\"https:\/\/akan.com.tr\/wp-content\/uploads\/2021\/01\/zaman-avci-300x169.jpeg 300w, https:\/\/akan.com.tr\/wp-content\/uploads\/2021\/01\/zaman-avci-1024x576.jpeg 1024w, https:\/\/akan.com.tr\/wp-content\/uploads\/2021\/01\/zaman-avci-768x432.jpeg 768w, https:\/\/akan.com.tr\/wp-content\/uploads\/2021\/01\/zaman-avci-1536x864.jpeg 1536w, https:\/\/akan.com.tr\/wp-content\/uploads\/2021\/01\/zaman-avci.jpeg 1600w\" sizes=\"auto, (max-width: 1022px) 100vw, 1022px\" \/><br \/>\nZaman Avc\u0131<\/figcaption><\/figure>\n<\/li>\n<li class=\"blocks-gallery-item\">\n<figure><img loading=\"lazy\" decoding=\"async\" class=\"alignnone wp-image-1324\" src=\"http:\/\/akan.com.tr\/wp-content\/uploads\/2021\/01\/Azizler-Balikcilik-300x169.jpeg\" alt=\"\" width=\"1014\" height=\"571\" srcset=\"https:\/\/akan.com.tr\/wp-content\/uploads\/2021\/01\/Azizler-Balikcilik-300x169.jpeg 300w, https:\/\/akan.com.tr\/wp-content\/uploads\/2021\/01\/Azizler-Balikcilik-1024x576.jpeg 1024w, https:\/\/akan.com.tr\/wp-content\/uploads\/2021\/01\/Azizler-Balikcilik-768x432.jpeg 768w, https:\/\/akan.com.tr\/wp-content\/uploads\/2021\/01\/Azizler-Balikcilik-1536x864.jpeg 1536w, https:\/\/akan.com.tr\/wp-content\/uploads\/2021\/01\/Azizler-Balikcilik.jpeg 1600w\" sizes=\"auto, (max-width: 1014px) 100vw, 1014px\" \/><\/p><figcaption>Azizler Bal\u0131k\u00e7\u0131l\u0131k<\/figcaption><\/figure>\n<\/li>\n<li class=\"blocks-gallery-item\">\n<figure><img loading=\"lazy\" decoding=\"async\" class=\"alignnone wp-image-1325\" src=\"http:\/\/akan.com.tr\/wp-content\/uploads\/2021\/01\/Yilmaz-Balikcilik-300x169.jpeg\" alt=\"\" width=\"1022\" height=\"576\" srcset=\"https:\/\/akan.com.tr\/wp-content\/uploads\/2021\/01\/Yilmaz-Balikcilik-300x169.jpeg 300w, https:\/\/akan.com.tr\/wp-content\/uploads\/2021\/01\/Yilmaz-Balikcilik-1024x576.jpeg 1024w, https:\/\/akan.com.tr\/wp-content\/uploads\/2021\/01\/Yilmaz-Balikcilik-768x432.jpeg 768w, https:\/\/akan.com.tr\/wp-content\/uploads\/2021\/01\/Yilmaz-Balikcilik-1536x864.jpeg 1536w, https:\/\/akan.com.tr\/wp-content\/uploads\/2021\/01\/Yilmaz-Balikcilik.jpeg 1600w\" sizes=\"auto, (max-width: 1022px) 100vw, 1022px\" \/><\/p><figcaption>Y\u0131lmaz Bal\u0131k\u00e7\u0131l\u0131k<\/figcaption><\/figure>\n<\/li>\n<li class=\"blocks-gallery-item\">\n<figure><img loading=\"lazy\" decoding=\"async\" class=\"alignnone wp-image-1326\" src=\"http:\/\/akan.com.tr\/wp-content\/uploads\/2021\/01\/gumusdoga-su-urunleri-300x169.jpeg\" alt=\"\" width=\"1029\" height=\"580\" srcset=\"https:\/\/akan.com.tr\/wp-content\/uploads\/2021\/01\/gumusdoga-su-urunleri-300x169.jpeg 300w, https:\/\/akan.com.tr\/wp-content\/uploads\/2021\/01\/gumusdoga-su-urunleri-1024x576.jpeg 1024w, https:\/\/akan.com.tr\/wp-content\/uploads\/2021\/01\/gumusdoga-su-urunleri-768x432.jpeg 768w, https:\/\/akan.com.tr\/wp-content\/uploads\/2021\/01\/gumusdoga-su-urunleri-1536x864.jpeg 1536w, https:\/\/akan.com.tr\/wp-content\/uploads\/2021\/01\/gumusdoga-su-urunleri.jpeg 1600w\" sizes=\"auto, (max-width: 1029px) 100vw, 1029px\" \/><\/p><figcaption>G\u00fcm\u00fc\u015fdo\u011fa Su \u00dcr\u00fcnleri &#8211; TA\u015eUCU<\/figcaption><\/figure>\n<\/li>\n<li class=\"blocks-gallery-item\">\n<figure><img loading=\"lazy\" decoding=\"async\" class=\"alignnone wp-image-1327\" src=\"http:\/\/akan.com.tr\/wp-content\/uploads\/2021\/01\/Gumusdoga-izmir-300x169.jpeg\" alt=\"\" width=\"1024\" height=\"577\" srcset=\"https:\/\/akan.com.tr\/wp-content\/uploads\/2021\/01\/Gumusdoga-izmir-300x169.jpeg 300w, https:\/\/akan.com.tr\/wp-content\/uploads\/2021\/01\/Gumusdoga-izmir-768x433.jpeg 768w, https:\/\/akan.com.tr\/wp-content\/uploads\/2021\/01\/Gumusdoga-izmir.jpeg 1024w\" sizes=\"auto, (max-width: 1024px) 100vw, 1024px\" \/><\/p><figcaption>G\u00fcm\u00fc\u015fdo\u011fa Su \u00dcr\u00fcnleri &#8211; \u0130ZM\u0130R<\/figcaption><\/figure>\n<\/li>\n<li class=\"blocks-gallery-item\">\n<figure><img loading=\"lazy\" decoding=\"async\" class=\"alignnone wp-image-1328\" src=\"http:\/\/akan.com.tr\/wp-content\/uploads\/2021\/01\/ISIKLAR-BALIKCILIK-300x225.jpeg\" alt=\"\" width=\"1020\" height=\"765\" srcset=\"https:\/\/akan.com.tr\/wp-content\/uploads\/2021\/01\/ISIKLAR-BALIKCILIK-300x225.jpeg 300w, https:\/\/akan.com.tr\/wp-content\/uploads\/2021\/01\/ISIKLAR-BALIKCILIK-768x576.jpeg 768w, https:\/\/akan.com.tr\/wp-content\/uploads\/2021\/01\/ISIKLAR-BALIKCILIK.jpeg 1024w\" sizes=\"auto, (max-width: 1020px) 100vw, 1020px\" \/><\/p><figcaption>I\u015f\u0131klar Bal\u0131k\u00e7\u0131l\u0131k<\/figcaption><\/figure>\n<\/li>\n<li class=\"blocks-gallery-item\">\n<figure><img loading=\"lazy\" decoding=\"async\" class=\"alignnone wp-image-1329\" src=\"http:\/\/akan.com.tr\/wp-content\/uploads\/2021\/01\/azizler-s-300x225.jpeg\" alt=\"\" width=\"1024\" height=\"768\" srcset=\"https:\/\/akan.com.tr\/wp-content\/uploads\/2021\/01\/azizler-s-300x225.jpeg 300w, https:\/\/akan.com.tr\/wp-content\/uploads\/2021\/01\/azizler-s-1024x768.jpeg 1024w, https:\/\/akan.com.tr\/wp-content\/uploads\/2021\/01\/azizler-s-768x576.jpeg 768w, https:\/\/akan.com.tr\/wp-content\/uploads\/2021\/01\/azizler-s-1536x1152.jpeg 1536w, https:\/\/akan.com.tr\/wp-content\/uploads\/2021\/01\/azizler-s.jpeg 1600w\" sizes=\"auto, (max-width: 1024px) 100vw, 1024px\" \/><\/p><figcaption>Azizler S Bal\u0131k\u00e7\u0131l\u0131k<\/figcaption><\/figure>\n<\/li>\n<li class=\"blocks-gallery-item\">\n<figure><img loading=\"lazy\" decoding=\"async\" class=\"alignnone wp-image-1330\" src=\"http:\/\/akan.com.tr\/wp-content\/uploads\/2021\/01\/mamuli-225x300.jpeg\" alt=\"\" width=\"618\" height=\"824\" srcset=\"https:\/\/akan.com.tr\/wp-content\/uploads\/2021\/01\/mamuli-225x300.jpeg 225w, https:\/\/akan.com.tr\/wp-content\/uploads\/2021\/01\/mamuli-768x1024.jpeg 768w, https:\/\/akan.com.tr\/wp-content\/uploads\/2021\/01\/mamuli-1152x1536.jpeg 1152w, https:\/\/akan.com.tr\/wp-content\/uploads\/2021\/01\/mamuli.jpeg 1200w\" sizes=\"auto, (max-width: 618px) 100vw, 618px\" \/><\/p><figcaption>Mamuli Bal\u0131k\u00e7\u0131l\u0131k<\/figcaption><\/figure>\n<\/li>\n<li class=\"blocks-gallery-item\">\n<figure><img loading=\"lazy\" decoding=\"async\" class=\"alignnone wp-image-1331\" src=\"http:\/\/akan.com.tr\/wp-content\/uploads\/2021\/01\/karsom-300x225.jpeg\" alt=\"\" width=\"960\" height=\"720\" srcset=\"https:\/\/akan.com.tr\/wp-content\/uploads\/2021\/01\/karsom-300x225.jpeg 300w, https:\/\/akan.com.tr\/wp-content\/uploads\/2021\/01\/karsom-1024x768.jpeg 1024w, https:\/\/akan.com.tr\/wp-content\/uploads\/2021\/01\/karsom-768x576.jpeg 768w, https:\/\/akan.com.tr\/wp-content\/uploads\/2021\/01\/karsom-1536x1152.jpeg 1536w, https:\/\/akan.com.tr\/wp-content\/uploads\/2021\/01\/karsom.jpeg 1600w\" sizes=\"auto, (max-width: 960px) 100vw, 960px\" \/><\/p><figcaption>Karson Su \u00dcr\u00fcnleri<\/figcaption><\/figure>\n<\/li>\n<li class=\"blocks-gallery-item\">\n<figure><img loading=\"lazy\" decoding=\"async\" class=\"alignnone wp-image-1332\" src=\"http:\/\/akan.com.tr\/wp-content\/uploads\/2021\/01\/karsom-2-225x300.jpeg\" alt=\"\" width=\"672\" height=\"896\" srcset=\"https:\/\/akan.com.tr\/wp-content\/uploads\/2021\/01\/karsom-2-225x300.jpeg 225w, https:\/\/akan.com.tr\/wp-content\/uploads\/2021\/01\/karsom-2-768x1024.jpeg 768w, https:\/\/akan.com.tr\/wp-content\/uploads\/2021\/01\/karsom-2-1152x1536.jpeg 1152w, https:\/\/akan.com.tr\/wp-content\/uploads\/2021\/01\/karsom-2.jpeg 1200w\" sizes=\"auto, (max-width: 672px) 100vw, 672px\" \/><\/p><figcaption>Karson Su \u00dcr\u00fcnleri<\/figcaption><\/figure>\n<\/li>\n<li class=\"blocks-gallery-item\">\n<figure><img loading=\"lazy\" decoding=\"async\" class=\"alignnone wp-image-1333 \" src=\"http:\/\/akan.com.tr\/wp-content\/uploads\/2021\/01\/gumusdoga-bafra-e1611396612935-208x300.jpeg\" alt=\"\" width=\"683\" height=\"985\" \/><\/p><figcaption>G\u00fcm\u00fc\u015fdo\u011fa Su \u00dcr\u00fcnleri &#8211; BAFRA<\/figcaption><\/figure>\n<\/li>\n<li class=\"blocks-gallery-item\">\n<figure><img loading=\"lazy\" decoding=\"async\" class=\"alignnone wp-image-1335\" src=\"http:\/\/akan.com.tr\/wp-content\/uploads\/2021\/01\/ROTA-YAT-300x169.jpeg\" alt=\"\" width=\"683\" height=\"385\" srcset=\"https:\/\/akan.com.tr\/wp-content\/uploads\/2021\/01\/ROTA-YAT-300x169.jpeg 300w, https:\/\/akan.com.tr\/wp-content\/uploads\/2021\/01\/ROTA-YAT-1024x576.jpeg 1024w, https:\/\/akan.com.tr\/wp-content\/uploads\/2021\/01\/ROTA-YAT-768x432.jpeg 768w, https:\/\/akan.com.tr\/wp-content\/uploads\/2021\/01\/ROTA-YAT-1536x864.jpeg 1536w, https:\/\/akan.com.tr\/wp-content\/uploads\/2021\/01\/ROTA-YAT.jpeg 1600w\" sizes=\"auto, (max-width: 683px) 100vw, 683px\" \/><\/p><figcaption>ROTA Yat<\/figcaption><\/figure>\n<\/li>\n<\/ul>\n<p>[\/vc_column_text][\/vc_column][\/vc_row]<\/p>\n","protected":false},"excerpt":{"rendered":"<p>[vc_row][vc_column][vc_column_text] Habib Reis Bal\u0131k\u00e7\u0131l\u0131k Aqua Grup S\u00fcrsan Bal\u0131k\u00e7\u0131l\u0131k \u0130lhan Y\u0131lmaz Bal\u0131k\u00e7\u0131l\u0131k Deniz Ana Bal\u0131k\u00e7\u0131l\u0131k Azizler II Bal\u0131k\u00e7\u0131l\u0131k Ahmet Ayd\u0131n Molla Bal\u0131k\u00e7\u0131l\u0131k Akta\u015flar Bal\u0131k\u00e7\u0131l\u0131k Abdullah Molla Bal\u0131k\u00e7\u0131l\u0131k Margo Mahmut Bal\u0131k\u00e7\u0131l\u0131k Hac\u0131 Kibar Bal\u0131k\u00e7\u0131l\u0131k Fat Bal\u0131k\u00e7\u0131l\u0131k Kul Bal\u0131k\u00e7\u0131l\u0131k Ba\u015fo\u011flu Bal\u0131k\u00e7\u0131l\u0131k \u0130lhan Y\u0131lmaz Bal\u0131k\u00e7\u0131l\u0131k Mehmet Kaptan Bal\u0131k\u00e7\u0131l\u0131k Karde\u015fler Bal\u0131k\u00e7\u0131l\u0131k Ayval\u0131k [\/vc_column_text][vc_column_text] Erg\u00fcn Ba\u015faran Zaman Avc\u0131 Azizler Bal\u0131k\u00e7\u0131l\u0131k Y\u0131lmaz [&hellip;]<\/p>\n","protected":false},"author":1,"featured_media":0,"parent":0,"menu_order":0,"comment_status":"closed","ping_status":"closed","template":"","meta":{"footnotes":""},"class_list":["post-202","page","type-page","status-publish","hentry"],"yoast_head":"<!-- This site is optimized with the Yoast SEO plugin v15.5 - https:\/\/yoast.com\/wordpress\/plugins\/seo\/ -->\n<title>Referanslar\u0131m\u0131z - Akan Group<\/title>\n<meta name=\"robots\" content=\"index, follow, max-snippet:-1, max-image-preview:large, max-video-preview:-1\" \/>\n<link rel=\"canonical\" href=\"https:\/\/akan.com.tr\/?page_id=202\" \/>\n<meta property=\"og:locale\" content=\"tr_TR\" \/>\n<meta property=\"og:type\" content=\"article\" \/>\n<meta property=\"og:title\" content=\"Referanslar\u0131m\u0131z - Akan Group\" \/>\n<meta property=\"og:description\" content=\"[vc_row][vc_column][vc_column_text] Habib Reis Bal\u0131k\u00e7\u0131l\u0131k Aqua Grup S\u00fcrsan Bal\u0131k\u00e7\u0131l\u0131k \u0130lhan Y\u0131lmaz Bal\u0131k\u00e7\u0131l\u0131k Deniz Ana Bal\u0131k\u00e7\u0131l\u0131k Azizler II Bal\u0131k\u00e7\u0131l\u0131k Ahmet Ayd\u0131n Molla Bal\u0131k\u00e7\u0131l\u0131k Akta\u015flar Bal\u0131k\u00e7\u0131l\u0131k Abdullah Molla Bal\u0131k\u00e7\u0131l\u0131k Margo Mahmut Bal\u0131k\u00e7\u0131l\u0131k Hac\u0131 Kibar Bal\u0131k\u00e7\u0131l\u0131k Fat Bal\u0131k\u00e7\u0131l\u0131k Kul Bal\u0131k\u00e7\u0131l\u0131k Ba\u015fo\u011flu Bal\u0131k\u00e7\u0131l\u0131k \u0130lhan Y\u0131lmaz Bal\u0131k\u00e7\u0131l\u0131k Mehmet Kaptan Bal\u0131k\u00e7\u0131l\u0131k Karde\u015fler Bal\u0131k\u00e7\u0131l\u0131k Ayval\u0131k [\/vc_column_text][vc_column_text] Erg\u00fcn Ba\u015faran Zaman Avc\u0131 Azizler Bal\u0131k\u00e7\u0131l\u0131k Y\u0131lmaz [&hellip;]\" \/>\n<meta property=\"og:url\" content=\"https:\/\/akan.com.tr\/?page_id=202\" \/>\n<meta property=\"og:site_name\" content=\"Akan Group\" \/>\n<meta property=\"article:modified_time\" content=\"2021-01-23T10:15:01+00:00\" \/>\n<meta property=\"og:image\" content=\"http:\/\/www.marincrane.com\/wp-content\/uploads\/2019\/02\/habib-reis.jpg\" \/>\n<meta name=\"twitter:card\" content=\"summary_large_image\" \/>\n<meta name=\"twitter:label1\" content=\"Tahmini okuma s\u00fcresi\">\n\t<meta name=\"twitter:data1\" content=\"1 dakika\">\n<script type=\"application\/ld+json\" class=\"yoast-schema-graph\">{\"@context\":\"https:\/\/schema.org\",\"@graph\":[{\"@type\":\"WebSite\",\"@id\":\"https:\/\/akan.com.tr\/#website\",\"url\":\"https:\/\/akan.com.tr\/\",\"name\":\"Akan Group\",\"description\":\"Akan So\\u011futma Sanayi\",\"potentialAction\":[{\"@type\":\"SearchAction\",\"target\":\"https:\/\/akan.com.tr\/?s={search_term_string}\",\"query-input\":\"required name=search_term_string\"}],\"inLanguage\":\"tr\"},{\"@type\":\"ImageObject\",\"@id\":\"https:\/\/akan.com.tr\/?page_id=202#primaryimage\",\"inLanguage\":\"tr\",\"url\":\"http:\/\/www.marincrane.com\/wp-content\/uploads\/2019\/02\/habib-reis.jpg\"},{\"@type\":\"WebPage\",\"@id\":\"https:\/\/akan.com.tr\/?page_id=202#webpage\",\"url\":\"https:\/\/akan.com.tr\/?page_id=202\",\"name\":\"Referanslar\\u0131m\\u0131z - Akan Group\",\"isPartOf\":{\"@id\":\"https:\/\/akan.com.tr\/#website\"},\"primaryImageOfPage\":{\"@id\":\"https:\/\/akan.com.tr\/?page_id=202#primaryimage\"},\"datePublished\":\"2020-10-19T10:37:50+00:00\",\"dateModified\":\"2021-01-23T10:15:01+00:00\",\"inLanguage\":\"tr\",\"potentialAction\":[{\"@type\":\"ReadAction\",\"target\":[\"https:\/\/akan.com.tr\/?page_id=202\"]}]}]}<\/script>\n<!-- \/ Yoast SEO plugin. -->","_links":{"self":[{"href":"https:\/\/akan.com.tr\/index.php?rest_route=\/wp\/v2\/pages\/202","targetHints":{"allow":["GET"]}}],"collection":[{"href":"https:\/\/akan.com.tr\/index.php?rest_route=\/wp\/v2\/pages"}],"about":[{"href":"https:\/\/akan.com.tr\/index.php?rest_route=\/wp\/v2\/types\/page"}],"author":[{"embeddable":true,"href":"https:\/\/akan.com.tr\/index.php?rest_route=\/wp\/v2\/users\/1"}],"replies":[{"embeddable":true,"href":"https:\/\/akan.com.tr\/index.php?rest_route=%2Fwp%2Fv2%2Fcomments&post=202"}],"version-history":[{"count":10,"href":"https:\/\/akan.com.tr\/index.php?rest_route=\/wp\/v2\/pages\/202\/revisions"}],"predecessor-version":[{"id":1336,"href":"https:\/\/akan.com.tr\/index.php?rest_route=\/wp\/v2\/pages\/202\/revisions\/1336"}],"wp:attachment":[{"href":"https:\/\/akan.com.tr\/index.php?rest_route=%2Fwp%2Fv2%2Fmedia&parent=202"}],"curies":[{"name":"wp","href":"https:\/\/api.w.org\/{rel}","templated":true}]}}