{"id":439,"date":"2020-10-24T05:23:25","date_gmt":"2020-10-24T05:23:25","guid":{"rendered":"http:\/\/http:\/\/slidesigma.com\/themes\/wp\/cali\/?page_id=439"},"modified":"2021-01-16T13:41:31","modified_gmt":"2021-01-16T10:41:31","slug":"appointment-form","status":"publish","type":"page","link":"https:\/\/akan.com.tr\/?page_id=439","title":{"rendered":"Sac \u00c7e\u015fitleri"},"content":{"rendered":"<p>[vc_row full_width=&#8221;stretch_row&#8221; content_placement=&#8221;middle&#8221; css=&#8221;.vc_custom_1603521541193{padding-top: 110px !important;padding-bottom: 50px !important;background-color: #f7f7f7 !important;}&#8221;][vc_column width=&#8221;5\/12&#8243; offset=&#8221;vc_col-lg-5 vc_col-md-5 vc_col-xs-12&#8243;]\n\t\t<div  class=\"sigma_custom_heading_wrapper sigma-custom-heading-448833186 sigma-shortcode-wrapper custom-heading-style-2 subtitle-text-capitalize title-text- text-left text-right\">\n\n\t\t\t<div class=\"section-title sigma-custom-heading-wrapper\">\n\t\n\t\t\t<h4 class=\"heading-subtitle\">\n\t\t\t\t\u00c7EL\u0130K \u00dcR\u00dcNLER\t\t\t<\/h4>\n\t\t\t\t\t<h3 class=\"heading-title\">\n\t\t\t\tST 37<br \/>\nST 52<br \/>\nStok ve \u00f6l\u00e7\u00fcler i\u00e7in bilgi al\u0131n\u0131z.\t\t\t<\/h3>\n\t\t<\/div>\n\n\t\t<\/div>\n\n\t\t[\/vc_column][vc_column width=&#8221;1\/6&#8243; offset=&#8221;vc_col-lg-2 vc_col-md-2 vc_hidden-xs&#8221;][vc_raw_html css=&#8221;.vc_custom_1603434986902{margin-bottom: 0px !important;}&#8221;]JTNDc3BhbiUyMGNsYXNzJTNEJTIydmVydGljYWwtc2VwZXJhdG9yJTIyJTNFJTNDJTJGc3BhbiUzRQ==[\/vc_raw_html][\/vc_column][vc_column width=&#8221;5\/12&#8243; offset=&#8221;vc_col-lg-5 vc_col-md-5 vc_hidden-xs&#8221;][vc_gallery interval=&#8221;3&#8243; images=&#8221;1195,1193&#8243;][\/vc_column][\/vc_row][vc_row full_width=&#8221;stretch_row&#8221; content_placement=&#8221;middle&#8221; css=&#8221;.vc_custom_1603521541193{padding-top: 110px !important;padding-bottom: 50px !important;background-color: #f7f7f7 !important;}&#8221;][vc_column width=&#8221;5\/12&#8243; offset=&#8221;vc_col-lg-5 vc_col-md-5 vc_col-xs-12&#8243;]\n\t\t<div  class=\"sigma_custom_heading_wrapper sigma-custom-heading-1337412900 sigma-shortcode-wrapper custom-heading-style-2 subtitle-text-capitalize title-text- text-left text-right\">\n\n\t\t\t<div class=\"section-title sigma-custom-heading-wrapper\">\n\t\n\t\t\t<h4 class=\"heading-subtitle\">\n\t\t\t\tSSAB \u00dcR\u00dcNLER\u0130 (ESNEM VE A\u015eINMAYA DAYANIKLI \u00dcR\u00dcNLER)\t\t\t<\/h4>\n\t\t\t\t\t<h3 class=\"heading-title\">\n\t\t\t\t<font face=\"``tahoma``\" size=\"``5``\" color=\"``maroon``\"><br \/>\n<b>Strenx 700 MC<br \/>\nStrenx 700 MC PLUS<br \/>\nHardox 400<br \/>\nHardox 485<br \/>\nStok ve \u00f6l\u00e7\u00fcler i\u00e7in bilgi al\u0131n\u0131z.<\/b><\/font>\t\t\t<\/h3>\n\t\t<\/div>\n\n\t\t<\/div>\n\n\t\t[\/vc_column][vc_column width=&#8221;1\/6&#8243; offset=&#8221;vc_col-lg-2 vc_col-md-2 vc_hidden-xs&#8221;][vc_raw_html css=&#8221;.vc_custom_1603434986902{margin-bottom: 0px !important;}&#8221;]JTNDc3BhbiUyMGNsYXNzJTNEJTIydmVydGljYWwtc2VwZXJhdG9yJTIyJTNFJTNDJTJGc3BhbiUzRQ==[\/vc_raw_html][\/vc_column][vc_column width=&#8221;5\/12&#8243; offset=&#8221;vc_col-lg-5 vc_col-md-5 vc_hidden-xs&#8221;][vc_gallery interval=&#8221;3&#8243; images=&#8221;1195,1193&#8243;][\/vc_column][\/vc_row]<\/p>\n","protected":false},"excerpt":{"rendered":"<p>[vc_row full_width=&#8221;stretch_row&#8221; content_placement=&#8221;middle&#8221; css=&#8221;.vc_custom_1603521541193{padding-top: 110px !important;padding-bottom: 50px !important;background-color: #f7f7f7 !important;}&#8221;][vc_column width=&#8221;5\/12&#8243; offset=&#8221;vc_col-lg-5 vc_col-md-5 vc_col-xs-12&#8243;][\/vc_column][vc_column width=&#8221;1\/6&#8243; offset=&#8221;vc_col-lg-2 vc_col-md-2 vc_hidden-xs&#8221;][vc_raw_html css=&#8221;.vc_custom_1603434986902{margin-bottom: 0px !important;}&#8221;]JTNDc3BhbiUyMGNsYXNzJTNEJTIydmVydGljYWwtc2VwZXJhdG9yJTIyJTNFJTNDJTJGc3BhbiUzRQ==[\/vc_raw_html][\/vc_column][vc_column width=&#8221;5\/12&#8243; offset=&#8221;vc_col-lg-5 vc_col-md-5 vc_hidden-xs&#8221;][vc_gallery interval=&#8221;3&#8243; images=&#8221;1195,1193&#8243;][\/vc_column][\/vc_row][vc_row full_width=&#8221;stretch_row&#8221; content_placement=&#8221;middle&#8221; css=&#8221;.vc_custom_1603521541193{padding-top: 110px !important;padding-bottom: 50px !important;background-color: #f7f7f7 !important;}&#8221;][vc_column width=&#8221;5\/12&#8243; offset=&#8221;vc_col-lg-5 vc_col-md-5 vc_col-xs-12&#8243;][\/vc_column][vc_column width=&#8221;1\/6&#8243; offset=&#8221;vc_col-lg-2 vc_col-md-2 vc_hidden-xs&#8221;][vc_raw_html css=&#8221;.vc_custom_1603434986902{margin-bottom: 0px !important;}&#8221;]JTNDc3BhbiUyMGNsYXNzJTNEJTIydmVydGljYWwtc2VwZXJhdG9yJTIyJTNFJTNDJTJGc3BhbiUzRQ==[\/vc_raw_html][\/vc_column][vc_column width=&#8221;5\/12&#8243; offset=&#8221;vc_col-lg-5 vc_col-md-5 vc_hidden-xs&#8221;][vc_gallery interval=&#8221;3&#8243; images=&#8221;1195,1193&#8243;][\/vc_column][\/vc_row]<\/p>\n","protected":false},"author":1,"featured_media":0,"parent":0,"menu_order":0,"comment_status":"closed","ping_status":"closed","template":"","meta":{"footnotes":""},"class_list":["post-439","page","type-page","status-publish","hentry"],"yoast_head":"<!-- This site is optimized with the Yoast SEO plugin v15.5 - https:\/\/yoast.com\/wordpress\/plugins\/seo\/ -->\n<title>Sac \u00c7e\u015fitleri - Akan Group<\/title>\n<meta name=\"robots\" content=\"index, follow, max-snippet:-1, max-image-preview:large, max-video-preview:-1\" \/>\n<link rel=\"canonical\" href=\"https:\/\/akan.com.tr\/?page_id=439\" \/>\n<meta property=\"og:locale\" content=\"tr_TR\" \/>\n<meta property=\"og:type\" content=\"article\" \/>\n<meta property=\"og:title\" content=\"Sac \u00c7e\u015fitleri - Akan Group\" \/>\n<meta property=\"og:description\" content=\"[vc_row full_width=&#8221;stretch_row&#8221; content_placement=&#8221;middle&#8221; css=&#8221;.vc_custom_1603521541193{padding-top: 110px !important;padding-bottom: 50px !important;background-color: #f7f7f7 !important;}&#8221;][vc_column width=&#8221;5\/12&#8243; offset=&#8221;vc_col-lg-5 vc_col-md-5 vc_col-xs-12&#8243;][\/vc_column][vc_column width=&#8221;1\/6&#8243; offset=&#8221;vc_col-lg-2 vc_col-md-2 vc_hidden-xs&#8221;][vc_raw_html css=&#8221;.vc_custom_1603434986902{margin-bottom: 0px !important;}&#8221;]JTNDc3BhbiUyMGNsYXNzJTNEJTIydmVydGljYWwtc2VwZXJhdG9yJTIyJTNFJTNDJTJGc3BhbiUzRQ==[\/vc_raw_html][\/vc_column][vc_column width=&#8221;5\/12&#8243; offset=&#8221;vc_col-lg-5 vc_col-md-5 vc_hidden-xs&#8221;][vc_gallery interval=&#8221;3&#8243; images=&#8221;1195,1193&#8243;][\/vc_column][\/vc_row][vc_row full_width=&#8221;stretch_row&#8221; content_placement=&#8221;middle&#8221; css=&#8221;.vc_custom_1603521541193{padding-top: 110px !important;padding-bottom: 50px !important;background-color: #f7f7f7 !important;}&#8221;][vc_column width=&#8221;5\/12&#8243; offset=&#8221;vc_col-lg-5 vc_col-md-5 vc_col-xs-12&#8243;][\/vc_column][vc_column width=&#8221;1\/6&#8243; offset=&#8221;vc_col-lg-2 vc_col-md-2 vc_hidden-xs&#8221;][vc_raw_html css=&#8221;.vc_custom_1603434986902{margin-bottom: 0px !important;}&#8221;]JTNDc3BhbiUyMGNsYXNzJTNEJTIydmVydGljYWwtc2VwZXJhdG9yJTIyJTNFJTNDJTJGc3BhbiUzRQ==[\/vc_raw_html][\/vc_column][vc_column width=&#8221;5\/12&#8243; offset=&#8221;vc_col-lg-5 vc_col-md-5 vc_hidden-xs&#8221;][vc_gallery interval=&#8221;3&#8243; images=&#8221;1195,1193&#8243;][\/vc_column][\/vc_row]\" \/>\n<meta property=\"og:url\" content=\"https:\/\/akan.com.tr\/?page_id=439\" \/>\n<meta property=\"og:site_name\" content=\"Akan Group\" \/>\n<meta property=\"article:modified_time\" content=\"2021-01-16T10:41:31+00:00\" \/>\n<meta name=\"twitter:card\" content=\"summary_large_image\" \/>\n<meta name=\"twitter:label1\" content=\"Tahmini okuma s\u00fcresi\">\n\t<meta name=\"twitter:data1\" content=\"1 dakika\">\n<script type=\"application\/ld+json\" class=\"yoast-schema-graph\">{\"@context\":\"https:\/\/schema.org\",\"@graph\":[{\"@type\":\"WebSite\",\"@id\":\"https:\/\/akan.com.tr\/#website\",\"url\":\"https:\/\/akan.com.tr\/\",\"name\":\"Akan Group\",\"description\":\"Akan So\\u011futma Sanayi\",\"potentialAction\":[{\"@type\":\"SearchAction\",\"target\":\"https:\/\/akan.com.tr\/?s={search_term_string}\",\"query-input\":\"required name=search_term_string\"}],\"inLanguage\":\"tr\"},{\"@type\":\"WebPage\",\"@id\":\"https:\/\/akan.com.tr\/?page_id=439#webpage\",\"url\":\"https:\/\/akan.com.tr\/?page_id=439\",\"name\":\"Sac \\u00c7e\\u015fitleri - Akan Group\",\"isPartOf\":{\"@id\":\"https:\/\/akan.com.tr\/#website\"},\"datePublished\":\"2020-10-24T05:23:25+00:00\",\"dateModified\":\"2021-01-16T10:41:31+00:00\",\"inLanguage\":\"tr\",\"potentialAction\":[{\"@type\":\"ReadAction\",\"target\":[\"https:\/\/akan.com.tr\/?page_id=439\"]}]}]}<\/script>\n<!-- \/ Yoast SEO plugin. -->","_links":{"self":[{"href":"https:\/\/akan.com.tr\/index.php?rest_route=\/wp\/v2\/pages\/439","targetHints":{"allow":["GET"]}}],"collection":[{"href":"https:\/\/akan.com.tr\/index.php?rest_route=\/wp\/v2\/pages"}],"about":[{"href":"https:\/\/akan.com.tr\/index.php?rest_route=\/wp\/v2\/types\/page"}],"author":[{"embeddable":true,"href":"https:\/\/akan.com.tr\/index.php?rest_route=\/wp\/v2\/users\/1"}],"replies":[{"embeddable":true,"href":"https:\/\/akan.com.tr\/index.php?rest_route=%2Fwp%2Fv2%2Fcomments&post=439"}],"version-history":[{"count":10,"href":"https:\/\/akan.com.tr\/index.php?rest_route=\/wp\/v2\/pages\/439\/revisions"}],"predecessor-version":[{"id":1285,"href":"https:\/\/akan.com.tr\/index.php?rest_route=\/wp\/v2\/pages\/439\/revisions\/1285"}],"wp:attachment":[{"href":"https:\/\/akan.com.tr\/index.php?rest_route=%2Fwp%2Fv2%2Fmedia&parent=439"}],"curies":[{"name":"wp","href":"https:\/\/api.w.org\/{rel}","templated":true}]}}